{"id":23417559,"date":"2023-03-22T06:43:53","date_gmt":"2023-03-22T06:43:53","guid":{"rendered":"http:\/\/boettiger-media.de\/?page_id=23417559"},"modified":"2023-12-06T14:09:35","modified_gmt":"2023-12-06T14:09:35","slug":"kontakt","status":"publish","type":"page","link":"https:\/\/boettiger-media.de\/en\/kontakt\/","title":{"rendered":"<p>Contact<\/p>"},"content":{"rendered":"<p>[et_pb_section fb_built=&ldquo;1&Prime; custom_padding_last_edited=&ldquo;on|desktop&ldquo; next_background_color=&ldquo;#ffffff&ldquo; admin_label=&ldquo;Contact Page V3 &ndash; Header &ndash; Tina&ldquo; module_class=&ldquo;tina_contact_3_header&ldquo; _builder_version=&ldquo;4.20.4&Prime; background_enable_color=&ldquo;off&ldquo; use_background_color_gradient=&ldquo;on&ldquo; background_color_gradient_direction=&ldquo;156deg&ldquo; background_color_gradient_stops=&ldquo;#000000 0%|rgba(0,22,1,0.37) 100%&ldquo; background_image=&ldquo;https:\/\/boettiger-media.de\/wp-content\/uploads\/2023\/03\/Lunge-Tapete-Lightbox.jpg&ldquo; background_blend=&ldquo;multiply&ldquo; z_index=&ldquo;2&Prime; custom_padding=&ldquo;250px||10px||false|false&ldquo; custom_padding_tablet=&ldquo;300px||||false|false&ldquo; custom_padding_phone=&ldquo;||||false|false&ldquo; bottom_divider_style=&ldquo;ramp2&Prime; bottom_divider_repeat=&ldquo;1x&ldquo; background_last_edited=&ldquo;on|phone&ldquo; background_image_phone=&ldquo;https:\/\/boettiger-media.de\/wp-content\/uploads\/2023\/04\/mobilebanner.jpg&ldquo; background_enable_image_phone=&ldquo;on&ldquo; custom_css_main_element=&ldquo;z-index: 55;&ldquo; locked=&ldquo;off&ldquo; global_colors_info=&ldquo;{}&ldquo;][et_pb_row admin_label=&ldquo;Contact Page V3 &ndash; Header &ndash; Tina &ndash; Row&ldquo; _builder_version=&ldquo;4.16&Prime; width=&ldquo;90%&ldquo; max_width=&ldquo;1180px&ldquo; custom_padding=&ldquo;||0px||false|false&ldquo; global_colors_info=&ldquo;{}&ldquo;][et_pb_column type=&ldquo;4_4&Prime; _builder_version=&ldquo;4.16&Prime; global_colors_info=&ldquo;{}&ldquo;][et_pb_text admin_label=&ldquo;Contact Page V3 &ndash; Header &ndash; Tina &ndash; Text&ldquo; _builder_version=&ldquo;4.20.2&Prime; text_font=&ldquo;|700|||||||&ldquo; text_text_color=&ldquo;#A2E51D&ldquo; text_font_size=&ldquo;350px&ldquo; text_letter_spacing=&ldquo;1.5px&ldquo; text_line_height=&ldquo;100%&ldquo; transform_scale_tablet=&ldquo;&ldquo; transform_scale_phone=&ldquo;&ldquo; transform_scale_last_edited=&ldquo;on|desktop&ldquo; transform_translate=&ldquo;0px|176px&ldquo; transform_translate_tablet=&ldquo;0px|96px&ldquo; transform_translate_phone=&ldquo;0px|46px&ldquo; transform_translate_last_edited=&ldquo;on|phone&ldquo; transform_translate_linked=&ldquo;off&ldquo; transform_rotate_tablet=&ldquo;&ldquo; transform_rotate_phone=&ldquo;&ldquo; transform_rotate_last_edited=&ldquo;on|desktop&ldquo; transform_skew_tablet=&ldquo;&ldquo; transform_skew_phone=&ldquo;&ldquo; transform_skew_last_edited=&ldquo;on|desktop&ldquo; transform_origin_tablet=&ldquo;&ldquo; transform_origin_phone=&ldquo;&ldquo; transform_origin_last_edited=&ldquo;on|desktop&ldquo; transform_styles_last_edited=&ldquo;on|phone&ldquo; text_orientation=&ldquo;center&ldquo; text_font_size_tablet=&ldquo;200px&ldquo; text_font_size_phone=&ldquo;100px&ldquo; text_font_size_last_edited=&ldquo;on|phone&ldquo; transform_styles_tablet=&ldquo;&ldquo; transform_styles_phone=&ldquo;&ldquo; global_colors_info=&ldquo;{}&ldquo;]<p>Hallo!<\/p><p>[\/et_pb_text][\/et_pb_column][\/et_pb_row][\/et_pb_section][et_pb_section fb_built=&ldquo;1&Prime; custom_padding_last_edited=&ldquo;on|phone&ldquo; disabled_on=&ldquo;on|on|off&ldquo; admin_label=&ldquo;Second Try Content &ndash; Tina&ldquo; _builder_version=&ldquo;4.20.4&Prime; custom_padding=&ldquo;0px||0px||false|false&ldquo; custom_padding_tablet=&ldquo;50px||||false|false&ldquo; custom_padding_phone=&ldquo;||0px||false|false&ldquo; global_colors_info=&ldquo;{}&ldquo;][et_pb_row column_structure=&ldquo;1_4,1_4,1_4,1_4&Prime; use_custom_gutter=&ldquo;on&ldquo; gutter_width=&ldquo;2&Prime; make_equal=&ldquo;on&ldquo; admin_label=&ldquo;Second Try Content &ndash; Tina &ndash; Row&ldquo; module_class=&ldquo;map_row&ldquo; _builder_version=&ldquo;4.20.4&Prime; width=&ldquo;90%&ldquo; min_height=&ldquo;100vh&ldquo; custom_padding=&ldquo;0px||0px||false|false&ldquo; scroll_vertical_motion_enable=&ldquo;on&ldquo; scroll_vertical_motion=&ldquo;0|50|50|100|-1|0|0&Prime; scroll_vertical_motion_tablet=&ldquo;0|50|50|100|0|0|0&Prime; scroll_vertical_motion_phone=&ldquo;&ldquo; scroll_vertical_motion_last_edited=&ldquo;on|tablet&ldquo; custom_css_main_element=&ldquo;    justify-content: center;||    align-items: center;||display: flex;&ldquo; global_colors_info=&ldquo;{}&ldquo;][et_pb_column _builder_version=&ldquo;4.21.0&Prime; _module_preset=&ldquo;default&ldquo; type=&ldquo;1_4&Prime;][\/et_pb_column][et_pb_column type=&ldquo;1_4&Prime; _builder_version=&ldquo;4.16&Prime; scroll_horizontal_motion_enable=&ldquo;on&ldquo; scroll_horizontal_motion=&ldquo;0|50|50|100|0|0|-15&Prime; motion_trigger_start=&ldquo;bottom&ldquo; scroll_horizontal_motion_tablet=&ldquo;&ldquo; scroll_horizontal_motion_phone=&ldquo;0|50|50|100|0|0|0&Prime; scroll_horizontal_motion_last_edited=&ldquo;on|phone&ldquo; custom_css_main_element=&ldquo;width: 28.7% !important;||margin-right: 3% !important;&ldquo; global_colors_info=&ldquo;{}&ldquo;][et_pb_cta title=&ldquo;Besuchen Sie uns gerne &ldquo; button_text=&ldquo;Hier klicken&ldquo; admin_label=&ldquo;Second Try Content &ndash; Tina &ndash; Call To Action&ldquo; _builder_version=&ldquo;4.21.0&Prime; header_font=&ldquo;|800|||||||&ldquo; header_text_color=&ldquo;#343A40&Prime; header_font_size=&ldquo;30px&ldquo; header_line_height=&ldquo;120%&ldquo; body_font=&ldquo;Roboto||||||||&ldquo; body_text_color=&ldquo;#9b9b9b&ldquo; body_line_height=&ldquo;120%&ldquo; body_ul_type=&ldquo;none&ldquo; use_background_color=&ldquo;off&ldquo; text_orientation=&ldquo;left&ldquo; scroll_horizontal_motion=&ldquo;0|50|50|100|0|0|-15&Prime; hover_enabled=&ldquo;0&Prime; header_font_size_tablet=&ldquo;30px&ldquo; header_font_size_phone=&ldquo;22px&ldquo; header_font_size_last_edited=&ldquo;on|phone&ldquo; custom_css_promo_description=&ldquo;font-weight: 400 !important;||padding-bottom: 0 !important;&ldquo; custom_css_promo_title=&ldquo;font-weight: 400 !important;||padding-bottom: 29px;&ldquo; locked=&ldquo;off&ldquo; global_colors_info=&ldquo;{}&ldquo; sticky_enabled=&ldquo;0&Prime;]<\/p><ul>\n<li><strong>Ringbahnstra&szlig;e 6-8 , 12099 Berlin<\/strong><\/li>\n<li>\n<\/ul><p>[\/et_pb_cta][\/et_pb_column][et_pb_column type=&ldquo;1_4&Prime; _builder_version=&ldquo;4.16&Prime; custom_css_main_element=&ldquo;width: 36.5% !important;||    margin-right: 3% !important;&ldquo; global_colors_info=&ldquo;{}&ldquo;][et_pb_text admin_label=&ldquo;Second Try Content &ndash; Tina &ndash; Text&ldquo; module_class=&ldquo;white_background&ldquo; _builder_version=&ldquo;4.16&Prime; scroll_scaling_enable=&ldquo;on&ldquo; scroll_scaling=&ldquo;0|50|50|100|100%|100|1000%&ldquo; motion_trigger_start=&ldquo;bottom&ldquo; custom_css_main_element=&ldquo;   display: block;|| ||    border-radius: 50%;|| ||    top: 0;||    left: 0;||    width: 100%;||    height: 100%;&ldquo; global_colors_info=&ldquo;{}&ldquo;][\/et_pb_text][et_pb_text admin_label=&ldquo;Second Try Content &ndash; Tina &ndash; Text&ldquo; module_class=&ldquo;map_wrraper&ldquo; _builder_version=&ldquo;4.20.4&Prime; global_colors_info=&ldquo;{}&ldquo;]<\/p><p><iframe src=\"https:\/\/www.google.com\/maps\/embed?pb=!1m14!1m8!1m3!1d38891.40354769078!2d13.39474!3d52.46623!3m2!1i1024!2i768!4f13.1!3m3!1m2!1s0x47a84ffa9b5a37e1%3A0xfb08466a1c445f6d!2sRingbahnstra%C3%9Fe%206-8%2C%2012099%20Berlin%2C%20Deutschland!5e0!3m2!1sde!2sus!4v1679467988450!5m2!1sde!2sus\" width=\"500\" height=\"400\" style=\"border: 0;\" allowfullscreen=\"\" loading=\"lazy\" referrerpolicy=\"no-referrer-when-downgrade\"><\/iframe><\/p><p>[\/et_pb_text][\/et_pb_column][et_pb_column type=&ldquo;1_4&Prime; _builder_version=&ldquo;4.16&Prime; scroll_horizontal_motion_enable=&ldquo;on&ldquo; scroll_horizontal_motion=&ldquo;0|50|50|100|0|0|15&Prime; motion_trigger_start=&ldquo;bottom&ldquo; scroll_horizontal_motion_tablet=&ldquo;&ldquo; scroll_horizontal_motion_phone=&ldquo;0|50|50|100|0|0|0&Prime; scroll_horizontal_motion_last_edited=&ldquo;on|phone&ldquo; custom_css_main_element=&ldquo;width: 28.7% !important;&ldquo; global_colors_info=&ldquo;{}&ldquo;][et_pb_cta title=&ldquo;Folgen Sie uns&ldquo; admin_label=&ldquo;Second Try Content &ndash; Tina &ndash; Call To Action&ldquo; _builder_version=&ldquo;4.20.2&Prime; header_font=&ldquo;|700|||||||&ldquo; header_text_color=&ldquo;#343A40&Prime; header_font_size=&ldquo;30px&ldquo; header_line_height=&ldquo;120%&ldquo; body_font=&ldquo;Roboto||||||||&ldquo; body_text_color=&ldquo;#9b9b9b&ldquo; body_line_height=&ldquo;120%&ldquo; body_ul_type=&ldquo;none&ldquo; use_background_color=&ldquo;off&ldquo; text_orientation=&ldquo;right&ldquo; custom_margin=&ldquo;||0px||false|false&ldquo; scroll_horizontal_motion=&ldquo;0|50|50|100|0|0|15&Prime; header_font_size_tablet=&ldquo;30px&ldquo; header_font_size_phone=&ldquo;22px&ldquo; header_font_size_last_edited=&ldquo;on|phone&ldquo; custom_css_promo_description=&ldquo;font-weight: 400 !important;||padding-bottom: 0;&ldquo; custom_css_promo_title=&ldquo;font-weight: 400 !important;||padding-bottom: 29px;&ldquo; locked=&ldquo;off&ldquo; global_colors_info=&ldquo;{}&ldquo;][\/et_pb_cta][et_pb_social_media_follow icon_color=&ldquo;#343A40&Prime; admin_label=&ldquo;Second Try Content &ndash; Tina &ndash; Social Media Follow&ldquo; _builder_version=&ldquo;4.20.4&Prime; text_orientation=&ldquo;right&ldquo; scroll_horizontal_motion=&ldquo;0|50|50|100|0|0|15&Prime; locked=&ldquo;off&ldquo; global_colors_info=&ldquo;{}&ldquo; icon_color__hover_enabled=&ldquo;on|desktop&ldquo; icon_color__hover=&ldquo;#A2E51D&ldquo;][et_pb_social_media_follow_network social_network=&ldquo;facebook&ldquo; _builder_version=&ldquo;4.16&Prime; background_enable_color=&ldquo;off&ldquo; global_colors_info=&ldquo;{}&ldquo; follow_button=&ldquo;off&ldquo; url_new_window=&ldquo;on&ldquo;]facebook[\/et_pb_social_media_follow_network][et_pb_social_media_follow_network social_network=&ldquo;instagram&ldquo; _builder_version=&ldquo;4.16&Prime; background_enable_color=&ldquo;off&ldquo; global_colors_info=&ldquo;{}&ldquo; follow_button=&ldquo;off&ldquo; url_new_window=&ldquo;on&ldquo;]instagram[\/et_pb_social_media_follow_network][et_pb_social_media_follow_network social_network=&ldquo;whatsapp&ldquo; _builder_version=&ldquo;4.20.4&Prime; background_color=&ldquo;#25D366&Prime; background_enable_color=&ldquo;off&ldquo; global_colors_info=&ldquo;{}&ldquo; follow_button=&ldquo;off&ldquo; url_new_window=&ldquo;on&ldquo;]whatsapp[\/et_pb_social_media_follow_network][\/et_pb_social_media_follow][\/et_pb_column][\/et_pb_row][\/et_pb_section][et_pb_section fb_built=&ldquo;1&Prime; _builder_version=&ldquo;4.20.4&Prime; _module_preset=&ldquo;default&ldquo; background_color=&ldquo;#A2E51D&ldquo; global_colors_info=&ldquo;{}&ldquo;][et_pb_row custom_padding_last_edited=&ldquo;on|tablet&ldquo; disabled_on=&ldquo;off|off|off&ldquo; admin_label=&ldquo;Second Try Content &ndash; Tina &ndash; Row&ldquo; module_class=&ldquo;title_row&ldquo; _builder_version=&ldquo;4.20.2&Prime; width=&ldquo;90%&ldquo; custom_padding_tablet=&ldquo;60px||20px||false|false&ldquo; custom_padding_phone=&ldquo;&ldquo; animation_style=&ldquo;fade&ldquo; locked=&ldquo;off&ldquo; global_colors_info=&ldquo;{}&ldquo;][et_pb_column type=&ldquo;4_4&Prime; _builder_version=&ldquo;4.16&Prime; global_colors_info=&ldquo;{}&ldquo;][et_pb_text admin_label=&ldquo;Second Try Content &ndash; Tina &ndash; Text&ldquo; _builder_version=&ldquo;4.20.2&Prime; text_font=&ldquo;|800|||||||&ldquo; text_text_color=&ldquo;#343A40&Prime; text_font_size=&ldquo;40px&ldquo; text_line_height=&ldquo;120%&ldquo; text_orientation=&ldquo;center&ldquo; custom_css_main_element=&ldquo;font-weight: 400 !important;&ldquo; global_colors_info=&ldquo;{}&ldquo;]<\/p><h1>Hier k&ouml;nnen Sie<\/h1><h1>get in touch with us.<\/h1><p>[\/et_pb_text][\/et_pb_column][\/et_pb_row][et_pb_row _builder_version=&ldquo;4.20.2&Prime; _module_preset=&ldquo;default&ldquo; animation_style=&ldquo;fade&ldquo; animation_delay=&ldquo;300ms&ldquo; locked=&ldquo;off&ldquo; global_colors_info=&ldquo;{}&ldquo;][et_pb_column type=&ldquo;4_4&Prime; _builder_version=&ldquo;4.20.2&Prime; _module_preset=&ldquo;default&ldquo; global_colors_info=&ldquo;{}&ldquo;][et_pb_contact_form captcha=&ldquo;off&ldquo; submit_button_text=&ldquo;Absenden&ldquo; _builder_version=&ldquo;4.20.2&Prime; _module_preset=&ldquo;default&ldquo; _unique_id=&ldquo;9e2dfb96-5a61-4937-9b62-7eebc5489781&Prime; form_field_background_color=&ldquo;rgba(52,58,64,0.08)&ldquo; form_field_text_color=&ldquo;#343A40&Prime; form_field_focus_background_color=&ldquo;#343A40&Prime; form_field_focus_text_color=&ldquo;#A2E51D&ldquo; form_field_font=&ldquo;||||||||&ldquo; form_field_font_size=&ldquo;14px&ldquo; form_field_letter_spacing=&ldquo;1px&ldquo; custom_button=&ldquo;on&ldquo; button_bg_color=&ldquo;#343A40&Prime; border_width_bottom=&ldquo;1px&ldquo; border_color_bottom=&ldquo;#343A40&Prime; global_colors_info=&ldquo;{}&ldquo; button_bg_color__hover_enabled=&ldquo;on|desktop&ldquo; button_bg_color__hover=&ldquo;#000000&Prime; button_bg_enable_color__hover=&ldquo;on&ldquo;][et_pb_contact_field field_id=&ldquo;Name&ldquo; field_title=&ldquo;Name&ldquo; _builder_version=&ldquo;4.16&Prime; global_colors_info=&ldquo;{}&ldquo; button_text_size__hover_enabled=&ldquo;off&ldquo; button_one_text_size__hover_enabled=&ldquo;off&ldquo; button_two_text_size__hover_enabled=&ldquo;off&ldquo; button_text_color__hover_enabled=&ldquo;off&ldquo; button_one_text_color__hover_enabled=&ldquo;off&ldquo; button_two_text_color__hover_enabled=&ldquo;off&ldquo; button_border_width__hover_enabled=&ldquo;off&ldquo; button_one_border_width__hover_enabled=&ldquo;off&ldquo; button_two_border_width__hover_enabled=&ldquo;off&ldquo; button_border_color__hover_enabled=&ldquo;off&ldquo; button_one_border_color__hover_enabled=&ldquo;off&ldquo; button_two_border_color__hover_enabled=&ldquo;off&ldquo; button_border_radius__hover_enabled=&ldquo;off&ldquo; button_one_border_radius__hover_enabled=&ldquo;off&ldquo; button_two_border_radius__hover_enabled=&ldquo;off&ldquo; button_letter_spacing__hover_enabled=&ldquo;off&ldquo; button_one_letter_spacing__hover_enabled=&ldquo;off&ldquo; button_two_letter_spacing__hover_enabled=&ldquo;off&ldquo; button_bg_color__hover_enabled=&ldquo;off&ldquo; button_one_bg_color__hover_enabled=&ldquo;off&ldquo; button_two_bg_color__hover_enabled=&ldquo;off&ldquo;][\/et_pb_contact_field][et_pb_contact_field field_id=&ldquo;Email&ldquo; field_title=&ldquo;E-Mail-Adresse&ldquo; field_type=&ldquo;email&ldquo; _builder_version=&ldquo;4.16&Prime; global_colors_info=&ldquo;{}&ldquo; button_text_size__hover_enabled=&ldquo;off&ldquo; button_one_text_size__hover_enabled=&ldquo;off&ldquo; button_two_text_size__hover_enabled=&ldquo;off&ldquo; button_text_color__hover_enabled=&ldquo;off&ldquo; button_one_text_color__hover_enabled=&ldquo;off&ldquo; button_two_text_color__hover_enabled=&ldquo;off&ldquo; button_border_width__hover_enabled=&ldquo;off&ldquo; button_one_border_width__hover_enabled=&ldquo;off&ldquo; button_two_border_width__hover_enabled=&ldquo;off&ldquo; button_border_color__hover_enabled=&ldquo;off&ldquo; button_one_border_color__hover_enabled=&ldquo;off&ldquo; button_two_border_color__hover_enabled=&ldquo;off&ldquo; button_border_radius__hover_enabled=&ldquo;off&ldquo; button_one_border_radius__hover_enabled=&ldquo;off&ldquo; button_two_border_radius__hover_enabled=&ldquo;off&ldquo; button_letter_spacing__hover_enabled=&ldquo;off&ldquo; button_one_letter_spacing__hover_enabled=&ldquo;off&ldquo; button_two_letter_spacing__hover_enabled=&ldquo;off&ldquo; button_bg_color__hover_enabled=&ldquo;off&ldquo; button_one_bg_color__hover_enabled=&ldquo;off&ldquo; button_two_bg_color__hover_enabled=&ldquo;off&ldquo;][\/et_pb_contact_field][et_pb_contact_field field_id=&ldquo;Interesse&ldquo; field_title=&ldquo;Interesse an, bitte ausw&auml;hlen:&ldquo; field_type=&ldquo;select&ldquo; select_options=&ldquo;%91{%22value%22:%22LED Buchstaben%22,%22checked%22:0,%22dragID%22:-1},{%22value%22:%22Leuchtkasten%22,%22checked%22:0,%22dragID%22:0},{%22value%22:%22Schilder%22,%22checked%22:0,%22dragID%22:1},{%22value%22:%22Schaufensterbeschriftung%22,%22checked%22:0,%22dragID%22:2},{%22value%22:%22Fahrzeugbeschriftung%22,%22checked%22:0,%22dragID%22:3},{%22value%22:%22Plattendruck%22,%22checked%22:0,%22dragID%22:4},{%22value%22:%22Digitaldruck%22,%22checked%22:0,%22dragID%22:5},{%22value%22:%22Spuckschutz%22,%22checked%22:0,%22dragID%22:6}%93&Prime; fullwidth_field=&ldquo;on&ldquo; _builder_version=&ldquo;4.20.2&Prime; _module_preset=&ldquo;default&ldquo; global_colors_info=&ldquo;{}&ldquo;][\/et_pb_contact_field][et_pb_contact_field field_id=&ldquo;Message&ldquo; field_title=&ldquo;Nachricht&ldquo; field_type=&ldquo;text&ldquo; fullwidth_field=&ldquo;on&ldquo; _builder_version=&ldquo;4.16&Prime; global_colors_info=&ldquo;{}&ldquo; button_text_size__hover_enabled=&ldquo;off&ldquo; button_one_text_size__hover_enabled=&ldquo;off&ldquo; button_two_text_size__hover_enabled=&ldquo;off&ldquo; button_text_color__hover_enabled=&ldquo;off&ldquo; button_one_text_color__hover_enabled=&ldquo;off&ldquo; button_two_text_color__hover_enabled=&ldquo;off&ldquo; button_border_width__hover_enabled=&ldquo;off&ldquo; button_one_border_width__hover_enabled=&ldquo;off&ldquo; button_two_border_width__hover_enabled=&ldquo;off&ldquo; button_border_color__hover_enabled=&ldquo;off&ldquo; button_one_border_color__hover_enabled=&ldquo;off&ldquo; button_two_border_color__hover_enabled=&ldquo;off&ldquo; button_border_radius__hover_enabled=&ldquo;off&ldquo; button_one_border_radius__hover_enabled=&ldquo;off&ldquo; button_two_border_radius__hover_enabled=&ldquo;off&ldquo; button_letter_spacing__hover_enabled=&ldquo;off&ldquo; button_one_letter_spacing__hover_enabled=&ldquo;off&ldquo; button_two_letter_spacing__hover_enabled=&ldquo;off&ldquo; button_bg_color__hover_enabled=&ldquo;off&ldquo; button_one_bg_color__hover_enabled=&ldquo;off&ldquo; button_two_bg_color__hover_enabled=&ldquo;off&ldquo;][\/et_pb_contact_field][\/et_pb_contact_form][\/et_pb_column][\/et_pb_row][\/et_pb_section]<\/p><\/p>","protected":false},"excerpt":{"rendered":"<p>Hallo! Ringbahnstra&szlig;e 6-8 , 12099 Berlin Hier k&ouml;nnen Sie mit uns Kontakt aufnehmen.<\/p>","protected":false},"author":1,"featured_media":0,"parent":0,"menu_order":0,"comment_status":"closed","ping_status":"closed","template":"","meta":{"_et_pb_use_builder":"on","_et_pb_old_content":"","_et_gb_content_width":"","_mi_skip_tracking":false,"_monsterinsights_sitenote_active":false,"_monsterinsights_sitenote_note":"","_monsterinsights_sitenote_category":0,"footnotes":""},"dipi_cpt_category":[],"class_list":["post-23417559","page","type-page","status-publish","hentry"],"yoast_head":"<!-- This site is optimized with the Yoast SEO plugin v20.8 - https:\/\/yoast.com\/wordpress\/plugins\/seo\/ -->\n<title>Kontakt - B\u00f6ttiger Werbetechnik Media<\/title>\n<meta name=\"robots\" content=\"index, follow, max-snippet:-1, max-image-preview:large, max-video-preview:-1\" \/>\n<link rel=\"canonical\" href=\"https:\/\/boettiger-media.de\/en\/kontakt\/\" \/>\n<meta property=\"og:locale\" content=\"en_US\" \/>\n<meta property=\"og:type\" content=\"article\" \/>\n<meta property=\"og:title\" content=\"Kontakt - B\u00f6ttiger Werbetechnik Media\" \/>\n<meta property=\"og:description\" content=\"Hallo! Ringbahnstra\u00dfe 6-8 , 12099 Berlin Hier k\u00f6nnen Sie mit uns Kontakt aufnehmen.\" \/>\n<meta property=\"og:url\" content=\"https:\/\/boettiger-media.de\/en\/kontakt\/\" \/>\n<meta property=\"og:site_name\" content=\"B\u00f6ttiger Werbetechnik Media\" \/>\n<meta property=\"article:modified_time\" content=\"2023-12-06T14:09:35+00:00\" \/>\n<meta name=\"twitter:card\" content=\"summary_large_image\" \/>\n<meta name=\"twitter:label1\" content=\"Est. reading time\" \/>\n\t<meta name=\"twitter:data1\" content=\"9 minutes\" \/>\n<script type=\"application\/ld+json\" class=\"yoast-schema-graph\">{\"@context\":\"https:\/\/schema.org\",\"@graph\":[{\"@type\":\"WebPage\",\"@id\":\"https:\/\/boettiger-media.de\/kontakt\/\",\"url\":\"https:\/\/boettiger-media.de\/kontakt\/\",\"name\":\"Kontakt - B\u00f6ttiger Werbetechnik Media\",\"isPartOf\":{\"@id\":\"https:\/\/boettiger-media.de\/#website\"},\"datePublished\":\"2023-03-22T06:43:53+00:00\",\"dateModified\":\"2023-12-06T14:09:35+00:00\",\"breadcrumb\":{\"@id\":\"https:\/\/boettiger-media.de\/kontakt\/#breadcrumb\"},\"inLanguage\":\"en-US\",\"potentialAction\":[{\"@type\":\"ReadAction\",\"target\":[\"https:\/\/boettiger-media.de\/kontakt\/\"]}]},{\"@type\":\"BreadcrumbList\",\"@id\":\"https:\/\/boettiger-media.de\/kontakt\/#breadcrumb\",\"itemListElement\":[{\"@type\":\"ListItem\",\"position\":1,\"name\":\"Startseite\",\"item\":\"https:\/\/boettiger-media.de\/\"},{\"@type\":\"ListItem\",\"position\":2,\"name\":\"Kontakt\"}]},{\"@type\":\"WebSite\",\"@id\":\"https:\/\/boettiger-media.de\/#website\",\"url\":\"https:\/\/boettiger-media.de\/\",\"name\":\"B\u00f6ttiger Werbetechnik Media\",\"description\":\"Kreative L\u00f6sungen f\u00fcr erfolgreiche Werbung\",\"potentialAction\":[{\"@type\":\"SearchAction\",\"target\":{\"@type\":\"EntryPoint\",\"urlTemplate\":\"https:\/\/boettiger-media.de\/?s={search_term_string}\"},\"query-input\":\"required name=search_term_string\"}],\"inLanguage\":\"en-US\"}]}<\/script>\n<!-- \/ Yoast SEO plugin. -->","yoast_head_json":{"title":"Kontakt - B\u00f6ttiger Werbetechnik Media","robots":{"index":"index","follow":"follow","max-snippet":"max-snippet:-1","max-image-preview":"max-image-preview:large","max-video-preview":"max-video-preview:-1"},"canonical":"https:\/\/boettiger-media.de\/en\/kontakt\/","og_locale":"en_US","og_type":"article","og_title":"Kontakt - B\u00f6ttiger Werbetechnik Media","og_description":"Hallo! Ringbahnstra\u00dfe 6-8 , 12099 Berlin Hier k\u00f6nnen Sie mit uns Kontakt aufnehmen.","og_url":"https:\/\/boettiger-media.de\/en\/kontakt\/","og_site_name":"B\u00f6ttiger Werbetechnik Media","article_modified_time":"2023-12-06T14:09:35+00:00","twitter_card":"summary_large_image","twitter_misc":{"Est. reading time":"9 minutes"},"schema":{"@context":"https:\/\/schema.org","@graph":[{"@type":"WebPage","@id":"https:\/\/boettiger-media.de\/kontakt\/","url":"https:\/\/boettiger-media.de\/kontakt\/","name":"Kontakt - B\u00f6ttiger Werbetechnik Media","isPartOf":{"@id":"https:\/\/boettiger-media.de\/#website"},"datePublished":"2023-03-22T06:43:53+00:00","dateModified":"2023-12-06T14:09:35+00:00","breadcrumb":{"@id":"https:\/\/boettiger-media.de\/kontakt\/#breadcrumb"},"inLanguage":"en-US","potentialAction":[{"@type":"ReadAction","target":["https:\/\/boettiger-media.de\/kontakt\/"]}]},{"@type":"BreadcrumbList","@id":"https:\/\/boettiger-media.de\/kontakt\/#breadcrumb","itemListElement":[{"@type":"ListItem","position":1,"name":"Startseite","item":"https:\/\/boettiger-media.de\/"},{"@type":"ListItem","position":2,"name":"Kontakt"}]},{"@type":"WebSite","@id":"https:\/\/boettiger-media.de\/#website","url":"https:\/\/boettiger-media.de\/","name":"B\u00f6ttiger Werbetechnik Media","description":"Kreative L\u00f6sungen f\u00fcr erfolgreiche Werbung","potentialAction":[{"@type":"SearchAction","target":{"@type":"EntryPoint","urlTemplate":"https:\/\/boettiger-media.de\/?s={search_term_string}"},"query-input":"required name=search_term_string"}],"inLanguage":"en-US"}]}},"_links":{"self":[{"href":"https:\/\/boettiger-media.de\/en\/wp-json\/wp\/v2\/pages\/23417559","targetHints":{"allow":["GET"]}}],"collection":[{"href":"https:\/\/boettiger-media.de\/en\/wp-json\/wp\/v2\/pages"}],"about":[{"href":"https:\/\/boettiger-media.de\/en\/wp-json\/wp\/v2\/types\/page"}],"author":[{"embeddable":true,"href":"https:\/\/boettiger-media.de\/en\/wp-json\/wp\/v2\/users\/1"}],"replies":[{"embeddable":true,"href":"https:\/\/boettiger-media.de\/en\/wp-json\/wp\/v2\/comments?post=23417559"}],"version-history":[{"count":34,"href":"https:\/\/boettiger-media.de\/en\/wp-json\/wp\/v2\/pages\/23417559\/revisions"}],"predecessor-version":[{"id":23419245,"href":"https:\/\/boettiger-media.de\/en\/wp-json\/wp\/v2\/pages\/23417559\/revisions\/23419245"}],"wp:attachment":[{"href":"https:\/\/boettiger-media.de\/en\/wp-json\/wp\/v2\/media?parent=23417559"}],"wp:term":[{"taxonomy":"dipi_cpt_category","embeddable":true,"href":"https:\/\/boettiger-media.de\/en\/wp-json\/wp\/v2\/dipi_cpt_category?post=23417559"}],"curies":[{"name":"wp","href":"https:\/\/api.w.org\/{rel}","templated":true}]}}